{"id":1609,"date":"2021-10-25T13:49:30","date_gmt":"2021-10-25T13:49:30","guid":{"rendered":"https:\/\/gedeonapartman.hu\/?page_id=1609"},"modified":"2024-01-22T15:49:04","modified_gmt":"2024-01-22T15:49:04","slug":"elerhetosegek","status":"publish","type":"page","link":"https:\/\/gedeonapartman.hu\/de\/elerhetosegek\/","title":{"rendered":"Kontakt"},"content":{"rendered":"<div data-elementor-type=\"wp-page\" data-elementor-id=\"1609\" class=\"elementor elementor-1609\" data-elementor-post-type=\"page\">\n\t\t\t\t\t\t<section class=\"elementor-section elementor-top-section elementor-element elementor-element-cbe61f0 elementor-section-full_width elementor-section-height-default elementor-section-height-default\" data-id=\"cbe61f0\" data-element_type=\"section\" data-settings=\"{&quot;background_background&quot;:&quot;gradient&quot;,&quot;animation_mobile&quot;:&quot;none&quot;}\">\n\t\t\t\t\t\t\t<div class=\"elementor-background-overlay\"><\/div>\n\t\t\t\t\t\t\t<div class=\"elementor-container elementor-column-gap-custom\">\n\t\t\t\t\t<div class=\"elementor-column elementor-col-100 elementor-top-column elementor-element elementor-element-5ed17da\" data-id=\"5ed17da\" data-element_type=\"column\">\n\t\t\t<div class=\"elementor-widget-wrap elementor-element-populated\">\n\t\t\t\t\t\t<section class=\"elementor-section elementor-inner-section elementor-element elementor-element-6031323 elementor-section-boxed elementor-section-height-default elementor-section-height-default\" data-id=\"6031323\" data-element_type=\"section\">\n\t\t\t\t\t\t<div class=\"elementor-container elementor-column-gap-default\">\n\t\t\t\t\t<div class=\"elementor-column elementor-col-50 elementor-inner-column elementor-element elementor-element-6cc9dac\" data-id=\"6cc9dac\" data-element_type=\"column\">\n\t\t\t<div class=\"elementor-widget-wrap elementor-element-populated\">\n\t\t\t\t\t\t<div class=\"elementor-element elementor-element-3eb8345 elementor-widget elementor-widget-image\" data-id=\"3eb8345\" data-element_type=\"widget\" data-widget_type=\"image.default\">\n\t\t\t\t<div class=\"elementor-widget-container\">\n\t\t\t\t\t\t\t\t\t\t\t\t\t<img fetchpriority=\"high\" decoding=\"async\" width=\"800\" height=\"403\" src=\"https:\/\/gedeonapartman.hu\/wp-content\/uploads\/2022\/03\/Gedeon-Apartman-Horvatorszag1-1024x516.png\" class=\"attachment-large size-large wp-image-22216\" alt=\"Gedeon-Apartman-Horv\u00e1torsz\u00e1g\" srcset=\"https:\/\/gedeonapartman.hu\/wp-content\/uploads\/2022\/03\/Gedeon-Apartman-Horvatorszag1-1024x516.png 1024w, https:\/\/gedeonapartman.hu\/wp-content\/uploads\/2022\/03\/Gedeon-Apartman-Horvatorszag1-700x353.png 700w, https:\/\/gedeonapartman.hu\/wp-content\/uploads\/2022\/03\/Gedeon-Apartman-Horvatorszag1-768x387.png 768w, https:\/\/gedeonapartman.hu\/wp-content\/uploads\/2022\/03\/Gedeon-Apartman-Horvatorszag1-600x303.png 600w, https:\/\/gedeonapartman.hu\/wp-content\/uploads\/2022\/03\/Gedeon-Apartman-Horvatorszag1.png 1152w\" sizes=\"(max-width: 800px) 100vw, 800px\" \/>\t\t\t\t\t\t\t\t\t\t\t\t\t<\/div>\n\t\t\t\t<\/div>\n\t\t\t\t<div class=\"elementor-element elementor-element-8a0d2f9 elementor-widget elementor-widget-bdt-animated-link\" data-id=\"8a0d2f9\" data-element_type=\"widget\" data-widget_type=\"bdt-animated-link.default\">\n\t\t\t\t<div class=\"elementor-widget-container\">\n\t\t\t\t\t\t\t\t<a class=\"bdt-ep-animated-link bdt-ep-animated-link--metis\" href=\"https:\/\/www.google.com\/maps\/place\/Ul.+Soldatica+VIII+14,+23234,+Vir,+Horv%C3%A1torsz%C3%A1g\/@44.2962916,15.1174275,17z\/data=!3m1!4b1!4m6!3m5!1s0x476221e5ca7759e5:0xe892cb820f478a0e!8m2!3d44.2962916!4d15.1174275!16s%2Fg%2F11ssrsdyvc?entry=ttu\" target=\"_blank\">\n\t\t\t\tSz\u00e9khely: 23234 Vir Soldatica VIII 14.\t\t\t<\/a>\n\t\t\n\t\t<\/div>\n\t\t\t\t<\/div>\n\t\t\t\t<div class=\"elementor-element elementor-element-2627225 elementor-widget elementor-widget-bdt-animated-link\" data-id=\"2627225\" data-element_type=\"widget\" data-widget_type=\"bdt-animated-link.default\">\n\t\t\t\t<div class=\"elementor-widget-container\">\n\t\t\t\t\t\t\t\t<a class=\"bdt-ep-animated-link bdt-ep-animated-link--metis\" href=\"mailto:info@gedeonapartman.hu\">\n\t\t\t\tInform\u00e1ci\u00f3: info@gedeonapartman.hu\t\t\t<\/a>\n\t\t\n\t\t<\/div>\n\t\t\t\t<\/div>\n\t\t\t\t<div class=\"elementor-element elementor-element-14d67f7 elementor-widget elementor-widget-text-editor\" data-id=\"14d67f7\" data-element_type=\"widget\" data-widget_type=\"text-editor.default\">\n\t\t\t\t<div class=\"elementor-widget-container\">\n\t\t\t\t\t\t\tAd\u00f3sz\u00e1m: 04948589347\t\t\t\t\t\t<\/div>\n\t\t\t\t<\/div>\n\t\t\t\t<div class=\"elementor-element elementor-element-51cd25e elementor-widget elementor-widget-text-editor\" data-id=\"51cd25e\" data-element_type=\"widget\" data-widget_type=\"text-editor.default\">\n\t\t\t\t<div class=\"elementor-widget-container\">\n\t\t\t\t\t\t\t<p><strong>I<\/strong><b>BAN:<\/b>&nbsp;<strong style=\"font-family: var( --e-global-typography-primary-font-family ), Sans-serif; font-size: 1rem; caret-color: #000000; color: #000000;\"><b>HR91 2402 0063 2111 2693 6<\/b><\/strong><\/p>\n<p><b style=\"font-family: 'Helvetica Neue'; font-size: 13px; color: var( --e-global-color-text );\">BIC \/ Swift: ESBCHR22<\/b><\/p>\n<p style=\"margin: 0px; font-style: normal; font-variant-caps: normal; font-stretch: normal; font-size: 13px; line-height: normal; font-family: 'Helvetica Neue'; font-size-adjust: none; font-kerning: auto; font-variant-alternates: normal; font-variant-ligatures: normal; font-variant-numeric: normal; font-variant-east-asian: normal; font-variant-position: normal; font-feature-settings: normal; font-optical-sizing: auto; font-variation-settings: normal;\"><br><\/p>\t\t\t\t\t\t<\/div>\n\t\t\t\t<\/div>\n\t\t\t\t<div class=\"elementor-element elementor-element-ded81c8 elementor-widget elementor-widget-bdt-animated-link\" data-id=\"ded81c8\" data-element_type=\"widget\" data-widget_type=\"bdt-animated-link.default\">\n\t\t\t\t<div class=\"elementor-widget-container\">\n\t\t\t\t\t\t\t\t<a class=\"bdt-ep-animated-link bdt-ep-animated-link--metis\" href=\"https:\/\/gedeonapartman.hu\/terms-conditions\/\">\n\t\t\t\t\u00c1SZF\t\t\t<\/a>\n\t\t\n\t\t<\/div>\n\t\t\t\t<\/div>\n\t\t\t\t<div class=\"elementor-element elementor-element-dcf121f elementor-widget elementor-widget-bdt-animated-link\" data-id=\"dcf121f\" data-element_type=\"widget\" data-widget_type=\"bdt-animated-link.default\">\n\t\t\t\t<div class=\"elementor-widget-container\">\n\t\t\t\t\t\t\t\t<a class=\"bdt-ep-animated-link bdt-ep-animated-link--metis\" href=\"https:\/\/gedeonapartman.hu\/adatkezelesi-tajekoztato\/\">\n\t\t\t\tAdatv\u00e9delem\t\t\t<\/a>\n\t\t\n\t\t<\/div>\n\t\t\t\t<\/div>\n\t\t\t\t<div class=\"elementor-element elementor-element-339223e elementor-grid-2 elementor-shape-circle elementor-grid-tablet-3 elementor-grid-mobile-4 e-grid-align-mobile-left e-grid-align-left elementor-widget elementor-widget-social-icons\" data-id=\"339223e\" data-element_type=\"widget\" data-widget_type=\"social-icons.default\">\n\t\t\t\t<div class=\"elementor-widget-container\">\n\t\t\t\t\t<div class=\"elementor-social-icons-wrapper elementor-grid\">\n\t\t\t\t\t\t\t<span class=\"elementor-grid-item\">\n\t\t\t\t\t<a class=\"elementor-icon elementor-social-icon elementor-social-icon-facebook elementor-repeater-item-928faac\" href=\"https:\/\/www.facebook.com\/gedeonapartman\" target=\"_blank\">\n\t\t\t\t\t\t<span class=\"elementor-screen-only\">Facebook<\/span>\n\t\t\t\t\t\t<i class=\"fab fa-facebook\"><\/i>\t\t\t\t\t<\/a>\n\t\t\t\t<\/span>\n\t\t\t\t\t\t\t<span class=\"elementor-grid-item\">\n\t\t\t\t\t<a class=\"elementor-icon elementor-social-icon elementor-social-icon-instagram elementor-repeater-item-8002ff3\" href=\"https:\/\/www.instagram.com\/\" target=\"_blank\">\n\t\t\t\t\t\t<span class=\"elementor-screen-only\">Instagram<\/span>\n\t\t\t\t\t\t<i class=\"fab fa-instagram\"><\/i>\t\t\t\t\t<\/a>\n\t\t\t\t<\/span>\n\t\t\t\t\t<\/div>\n\t\t\t\t<\/div>\n\t\t\t\t<\/div>\n\t\t\t\t\t<\/div>\n\t\t<\/div>\n\t\t\t\t<div class=\"elementor-column elementor-col-50 elementor-inner-column elementor-element elementor-element-ef3ae06\" data-id=\"ef3ae06\" data-element_type=\"column\">\n\t\t\t<div class=\"elementor-widget-wrap elementor-element-populated\">\n\t\t\t\t\t\t<div class=\"elementor-element elementor-element-6ff065d elementor-invisible bdt-background-overlay-yes elementor-widget elementor-widget-google_maps\" data-id=\"6ff065d\" data-element_type=\"widget\" data-settings=\"{&quot;_animation&quot;:&quot;fadeInUp&quot;}\" data-widget_type=\"google_maps.default\">\n\t\t\t\t<div class=\"elementor-widget-container\">\n\t\t\t\t\t<div class=\"elementor-custom-embed\">\n\t\t\t<iframe loading=\"lazy\"\n\t\t\t\t\tsrc=\"https:\/\/maps.google.com\/maps?q=23234%20Vir%20Soldatica%20VIII%2014.&#038;t=m&#038;z=16&#038;output=embed&#038;iwloc=near\"\n\t\t\t\t\ttitle=\"23234 Vir Soldatica VIII 14.\"\n\t\t\t\t\taria-label=\"23234 Vir Soldatica VIII 14.\"\n\t\t\t><\/iframe>\n\t\t<\/div>\n\t\t\t\t<\/div>\n\t\t\t\t<\/div>\n\t\t\t\t\t<\/div>\n\t\t<\/div>\n\t\t\t\t\t<\/div>\n\t\t<\/section>\n\t\t\t\t\t<\/div>\n\t\t<\/div>\n\t\t\t\t\t<\/div>\n\t\t<\/section>\n\t\t\t\t<\/div>","protected":false},"excerpt":{"rendered":"<p>Sz\u00e9khely: 23234 Vir Soldatica VIII 14. Inform\u00e1ci\u00f3: info@gedeonapartman.hu Ad\u00f3sz\u00e1m: 04948589347 IBAN:&nbsp;HR91 2402 0063 2111 2693 6 BIC \/ Swift: ESBCHR22 \u00c1SZF Adatv\u00e9delem Facebook Instagram<\/p>","protected":false},"author":1,"featured_media":0,"parent":0,"menu_order":0,"comment_status":"closed","ping_status":"closed","template":"elementor_header_footer","meta":{"_seopress_robots_primary_cat":"","_seopress_titles_title":"","_seopress_titles_desc":"","_seopress_robots_index":"","footnotes":""},"class_list":["post-1609","page","type-page","status-publish","hentry"],"_links":{"self":[{"href":"https:\/\/gedeonapartman.hu\/de\/wp-json\/wp\/v2\/pages\/1609","targetHints":{"allow":["GET"]}}],"collection":[{"href":"https:\/\/gedeonapartman.hu\/de\/wp-json\/wp\/v2\/pages"}],"about":[{"href":"https:\/\/gedeonapartman.hu\/de\/wp-json\/wp\/v2\/types\/page"}],"author":[{"embeddable":true,"href":"https:\/\/gedeonapartman.hu\/de\/wp-json\/wp\/v2\/users\/1"}],"replies":[{"embeddable":true,"href":"https:\/\/gedeonapartman.hu\/de\/wp-json\/wp\/v2\/comments?post=1609"}],"version-history":[{"count":252,"href":"https:\/\/gedeonapartman.hu\/de\/wp-json\/wp\/v2\/pages\/1609\/revisions"}],"predecessor-version":[{"id":24550,"href":"https:\/\/gedeonapartman.hu\/de\/wp-json\/wp\/v2\/pages\/1609\/revisions\/24550"}],"wp:attachment":[{"href":"https:\/\/gedeonapartman.hu\/de\/wp-json\/wp\/v2\/media?parent=1609"}],"curies":[{"name":"wp","href":"https:\/\/api.w.org\/{rel}","templated":true}]}}