{"id":2917,"date":"2022-01-26T11:45:41","date_gmt":"2022-01-26T11:45:41","guid":{"rendered":"https:\/\/gedeonapartman.hu\/?page_id=2917"},"modified":"2023-11-30T19:29:12","modified_gmt":"2023-11-30T19:29:12","slug":"galeria","status":"publish","type":"page","link":"https:\/\/gedeonapartman.hu\/de\/galeria\/","title":{"rendered":"Galerie"},"content":{"rendered":"<div data-elementor-type=\"wp-page\" data-elementor-id=\"2917\" class=\"elementor elementor-2917\" data-elementor-post-type=\"page\">\n\t\t\t\t\t\t<section class=\"elementor-section elementor-top-section elementor-element elementor-element-394e58d elementor-section-boxed elementor-section-height-default elementor-section-height-default\" data-id=\"394e58d\" data-element_type=\"section\" data-settings=\"{&quot;background_background&quot;:&quot;gradient&quot;,&quot;animation_mobile&quot;:&quot;none&quot;}\">\n\t\t\t\t\t\t\t<div class=\"elementor-background-overlay\"><\/div>\n\t\t\t\t\t\t\t<div class=\"elementor-container elementor-column-gap-default\">\n\t\t\t\t\t<div class=\"elementor-column elementor-col-50 elementor-top-column elementor-element elementor-element-f2ea687\" data-id=\"f2ea687\" data-element_type=\"column\">\n\t\t\t<div class=\"elementor-widget-wrap elementor-element-populated\">\n\t\t\t\t\t\t<div class=\"elementor-element elementor-element-7490ddb elementor-widget elementor-widget-heading\" data-id=\"7490ddb\" data-element_type=\"widget\" data-widget_type=\"heading.default\">\n\t\t\t\t<div class=\"elementor-widget-container\">\n\t\t\t<h6 class=\"elementor-heading-title elementor-size-default\">Galerie<\/h6>\t\t<\/div>\n\t\t\t\t<\/div>\n\t\t\t\t<div class=\"elementor-element elementor-element-c4c6e1c elementor-widget elementor-widget-bdt-animated-heading\" data-id=\"c4c6e1c\" data-element_type=\"widget\" data-widget_type=\"bdt-animated-heading.default\">\n\t\t\t\t<div class=\"elementor-widget-container\">\n\t\t\t<div id =\"bdtah-c4c6e1c\" class=\"bdt-heading\"><h2 class=\"bdt-heading-tag\" style=\"opacity: 0;\"><div class=\"bdt-pre-heading\">Hello <\/div> <div id=\"bdt-ah-c4c6e1c\" class=\"bdt-animated-heading\" data-settings=\"{&quot;layout&quot;:&quot;typed&quot;,&quot;strings&quot;:[&quot;Vir&quot;,&quot; Horv\\u00e1torsz\\u00e1g&quot;,&quot; &quot;],&quot;typeSpeed&quot;:60,&quot;startDelay&quot;:1,&quot;backSpeed&quot;:30,&quot;backDelay&quot;:500,&quot;loop&quot;:true}\"><\/div> <\/h2><\/div>\t\t<\/div>\n\t\t\t\t<\/div>\n\t\t\t\t<div class=\"elementor-element elementor-element-7c61168 elementor-hidden-mobile elementor-widget elementor-widget-bdt-breadcrumbs\" data-id=\"7c61168\" data-element_type=\"widget\" data-widget_type=\"bdt-breadcrumbs.default\">\n\t\t\t\t<div class=\"elementor-widget-container\">\n\t\t\t<div class='bdt-ep-breadcrumbs-wrapper'><ul class=\"bdt-ep-breadcrumb breadcrumb-align-left\"><li><a href=\"https:\/\/gedeonapartman.hu\/de\/\"><span class=\"bdt-ep-breadcrumbs-home-icon\"> <i aria-hidden=\"true\" class=\"fas fa-home\"><\/i> <\/span>Gedeon Apartman Vir<\/a><\/li>\n<li><span> Seite<\/span><\/li>\n<\/ul><\/div>\t\t<\/div>\n\t\t\t\t<\/div>\n\t\t\t\t\t<\/div>\n\t\t<\/div>\n\t\t\t\t<div class=\"elementor-column elementor-col-50 elementor-top-column elementor-element elementor-element-9082101\" data-id=\"9082101\" data-element_type=\"column\">\n\t\t\t<div class=\"elementor-widget-wrap elementor-element-populated\">\n\t\t\t\t\t\t<div class=\"elementor-element elementor-element-6d783cb elementor-widget elementor-widget-image\" data-id=\"6d783cb\" data-element_type=\"widget\" data-widget_type=\"image.default\">\n\t\t\t\t<div class=\"elementor-widget-container\">\n\t\t\t\t\t\t\t\t\t\t\t\t\t<img fetchpriority=\"high\" decoding=\"async\" width=\"462\" height=\"455\" src=\"https:\/\/gedeonapartman.hu\/wp-content\/uploads\/2023\/10\/Vir-sziget-terkep.png\" class=\"attachment-large size-large wp-image-22960\" alt=\"\" srcset=\"https:\/\/gedeonapartman.hu\/wp-content\/uploads\/2023\/10\/Vir-sziget-terkep.png 462w, https:\/\/gedeonapartman.hu\/wp-content\/uploads\/2023\/10\/Vir-sziget-terkep-12x12.png 12w\" sizes=\"(max-width: 462px) 100vw, 462px\" \/>\t\t\t\t\t\t\t\t\t\t\t\t\t<\/div>\n\t\t\t\t<\/div>\n\t\t\t\t\t<\/div>\n\t\t<\/div>\n\t\t\t\t\t<\/div>\n\t\t<\/section>\n\t\t\t\t<section class=\"elementor-section elementor-top-section elementor-element elementor-element-3369988 elementor-section-boxed elementor-section-height-default elementor-section-height-default\" data-id=\"3369988\" data-element_type=\"section\" data-settings=\"{&quot;background_background&quot;:&quot;gradient&quot;}\">\n\t\t\t\t\t\t\t<div class=\"elementor-background-overlay\"><\/div>\n\t\t\t\t\t\t\t<div class=\"elementor-container elementor-column-gap-default\">\n\t\t\t\t\t<div class=\"elementor-column elementor-col-33 elementor-top-column elementor-element elementor-element-fe75868\" data-id=\"fe75868\" data-element_type=\"column\">\n\t\t\t<div class=\"elementor-widget-wrap elementor-element-populated\">\n\t\t\t\t\t\t<div data-ep-wrapper-link=\"{&quot;url&quot;:&quot;https:\\\/\\\/gedeonapartman.hu\\\/galeria\\\/kettes-apartmanhaz\\\/&quot;,&quot;is_external&quot;:&quot;&quot;,&quot;nofollow&quot;:&quot;&quot;,&quot;custom_attributes&quot;:&quot;&quot;}\" style=\"cursor: pointer\" class=\"bdt-element-link elementor-element elementor-element-73fe537 bdt-global-link-yes elementor-widget elementor-widget-bdt-interactive-card\" data-id=\"73fe537\" data-element_type=\"widget\" data-widget_type=\"bdt-interactive-card.default\">\n\t\t\t\t<div class=\"elementor-widget-container\">\n\t\t\t        <div class=\"bdt-interactive-card bdt-interactive-card-default\" onclick=\"window.open(&#039;https:\/\/gedeonapartman.hu\/galeria\/kettes-apartmanhaz\/&#039;, &#039;_self&#039;)\">\n\n            <div class=\"bdt-grid bdt-grid-collapse bdt-card-effect-top\">\n\n                <div class=\"bdt-width-1-1\">\n                            <div class=\"bdt-position-relative\">\n                                        <div class=\"bdt-image-hover-effect bdt-interactive-card-image\">\n                <div class=\"bdt-position-relative bdt-image-mask\">\n                    <img decoding=\"async\" width=\"853\" height=\"640\" src=\"https:\/\/gedeonapartman.hu\/wp-content\/uploads\/2023\/10\/Gedeon-Apartmanhaz-VIR-Horvatorszag-14.jpg\" class=\"attachment-full size-full\" alt=\"Gedeon Apartman #1\" srcset=\"https:\/\/gedeonapartman.hu\/wp-content\/uploads\/2023\/10\/Gedeon-Apartmanhaz-VIR-Horvatorszag-14.jpg 853w, https:\/\/gedeonapartman.hu\/wp-content\/uploads\/2023\/10\/Gedeon-Apartmanhaz-VIR-Horvatorszag-14-700x525.jpg 700w, https:\/\/gedeonapartman.hu\/wp-content\/uploads\/2023\/10\/Gedeon-Apartmanhaz-VIR-Horvatorszag-14-768x576.jpg 768w, https:\/\/gedeonapartman.hu\/wp-content\/uploads\/2023\/10\/Gedeon-Apartmanhaz-VIR-Horvatorszag-14-600x450.jpg 600w\" sizes=\"(max-width: 853px) 100vw, 853px\" \/>                <\/div>\n            <\/div>\n                    <\/div>\n                        <\/div>\n\n                <div class=\"bdt-width-1-1\">\n                    <div class=\"bdt-interactive-card-content\">\n                                            <div class=\"bdt-interactive-card-sub-title\">\n                Isnel Vir            <\/div>\n        \n                    <h6 class=\"bdt-interactive-card-title\">\n            <span >\n                Gedeon Apartman #1            <\/span>\n            <\/h6>\n        \n                    <div class=\"bdt-interactive-card-text\">\n                <p>T\u00e1gas teraszos apartmanok. K\u00e9t k\u00fcl\u00f6n szob\u00e1val, konyh\u00e1val, nappalival, zuhanyz\u00f3s vagy f\u00fcrd\u0151k\u00e1das f\u00fcrd\u0151szob\u00e1val.<\/p>            <\/div>\n        \n                    <div class=\"bdt-interactive-card-button\">\n                <a class=\"bdt-interactive-card-readmore bdt-display-inline-block\" href=\"https:\/\/gedeonapartman.hu\/galeria\/kettes-apartmanhaz\/\">\n                    <span class=\"ep-icon-long-arrow-right\"><\/span>\n                    <span class=\"bdt-position-relative\">\n\t\t\t\t\t\tMegn\u00e9zem\t\t\t\t\t<\/span>\n                <\/a>\n            <\/div>\n                                    <\/div>\n                <\/div>\n\n            <\/div>\n\n        <\/div>\n\n        \t\t<\/div>\n\t\t\t\t<\/div>\n\t\t\t\t\t<\/div>\n\t\t<\/div>\n\t\t\t\t<div class=\"elementor-column elementor-col-33 elementor-top-column elementor-element elementor-element-533a6bb\" data-id=\"533a6bb\" data-element_type=\"column\">\n\t\t\t<div class=\"elementor-widget-wrap elementor-element-populated\">\n\t\t\t\t\t\t<div data-ep-wrapper-link=\"{&quot;url&quot;:&quot;https:\\\/\\\/gedeonapartman.hu\\\/galeria\\\/egyes-apartmanhaz\\\/&quot;,&quot;is_external&quot;:&quot;&quot;,&quot;nofollow&quot;:&quot;&quot;,&quot;custom_attributes&quot;:&quot;&quot;}\" style=\"cursor: pointer\" class=\"bdt-element-link elementor-element elementor-element-a42bdb0 bdt-global-link-yes elementor-widget elementor-widget-bdt-interactive-card\" data-id=\"a42bdb0\" data-element_type=\"widget\" data-widget_type=\"bdt-interactive-card.default\">\n\t\t\t\t<div class=\"elementor-widget-container\">\n\t\t\t        <div class=\"bdt-interactive-card bdt-interactive-card-default\" onclick=\"window.open(&#039;https:\/\/gedeonapartman.hu\/galeria\/egyes-apartmanhaz\/&#039;, &#039;_self&#039;)\">\n\n            <div class=\"bdt-grid bdt-grid-collapse bdt-card-effect-top\">\n\n                <div class=\"bdt-width-1-1\">\n                            <div class=\"bdt-position-relative\">\n                                        <div class=\"bdt-image-hover-effect bdt-interactive-card-image\">\n                <div class=\"bdt-position-relative bdt-image-mask\">\n                    <img decoding=\"async\" width=\"853\" height=\"640\" src=\"https:\/\/gedeonapartman.hu\/wp-content\/uploads\/2023\/10\/Apartman-Horvatorszag-12.jpg\" class=\"attachment-full size-full\" alt=\"Gedeon Apartman #2\" srcset=\"https:\/\/gedeonapartman.hu\/wp-content\/uploads\/2023\/10\/Apartman-Horvatorszag-12.jpg 853w, https:\/\/gedeonapartman.hu\/wp-content\/uploads\/2023\/10\/Apartman-Horvatorszag-12-700x525.jpg 700w, https:\/\/gedeonapartman.hu\/wp-content\/uploads\/2023\/10\/Apartman-Horvatorszag-12-768x576.jpg 768w, https:\/\/gedeonapartman.hu\/wp-content\/uploads\/2023\/10\/Apartman-Horvatorszag-12-600x450.jpg 600w\" sizes=\"(max-width: 853px) 100vw, 853px\" \/>                <\/div>\n            <\/div>\n                    <\/div>\n                        <\/div>\n\n                <div class=\"bdt-width-1-1\">\n                    <div class=\"bdt-interactive-card-content\">\n                                            <div class=\"bdt-interactive-card-sub-title\">\n                Isnel Vir            <\/div>\n        \n                    <h6 class=\"bdt-interactive-card-title\">\n            <span >\n                Gedeon Apartman #2            <\/span>\n            <\/h6>\n        \n                    <div class=\"bdt-interactive-card-text\">\n                <p>N\u00e9gy teljesen egyforma apartman. K\u00e9t k\u00fcl\u00f6n szoba + amerikai konyh\u00e1s nappali \u00e9s zuhanykabinos f\u00fcrd\u0151szoba.<\/p>            <\/div>\n        \n                    <div class=\"bdt-interactive-card-button\">\n                <a class=\"bdt-interactive-card-readmore bdt-display-inline-block\" href=\"https:\/\/gedeonapartman.hu\/galeria\/egyes-apartmanhaz\/\">\n                    <span class=\"ep-icon-long-arrow-right\"><\/span>\n                    <span class=\"bdt-position-relative\">\n\t\t\t\t\t\tMegn\u00e9zem\t\t\t\t\t<\/span>\n                <\/a>\n            <\/div>\n                                    <\/div>\n                <\/div>\n\n            <\/div>\n\n        <\/div>\n\n        \t\t<\/div>\n\t\t\t\t<\/div>\n\t\t\t\t\t<\/div>\n\t\t<\/div>\n\t\t\t\t<div class=\"elementor-column elementor-col-33 elementor-top-column elementor-element elementor-element-f002fe0\" data-id=\"f002fe0\" data-element_type=\"column\">\n\t\t\t<div class=\"elementor-widget-wrap elementor-element-populated\">\n\t\t\t\t\t\t<div data-ep-wrapper-link=\"{&quot;url&quot;:&quot;https:\\\/\\\/gedeonapartman.hu\\\/galeria\\\/vir-szigete\\\/&quot;,&quot;is_external&quot;:&quot;&quot;,&quot;nofollow&quot;:&quot;&quot;,&quot;custom_attributes&quot;:&quot;&quot;}\" style=\"cursor: pointer\" class=\"bdt-element-link elementor-element elementor-element-5f70ec7 bdt-global-link-yes elementor-widget elementor-widget-bdt-interactive-card\" data-id=\"5f70ec7\" data-element_type=\"widget\" data-widget_type=\"bdt-interactive-card.default\">\n\t\t\t\t<div class=\"elementor-widget-container\">\n\t\t\t        <div class=\"bdt-interactive-card bdt-interactive-card-default\" onclick=\"window.open(&#039;https:\/\/gedeonapartman.hu\/galeria\/vir-szigete\/&#039;, &#039;_self&#039;)\">\n\n            <div class=\"bdt-grid bdt-grid-collapse bdt-card-effect-top\">\n\n                <div class=\"bdt-width-1-1\">\n                            <div class=\"bdt-position-relative\">\n                                        <div class=\"bdt-image-hover-effect bdt-interactive-card-image\">\n                <div class=\"bdt-position-relative bdt-image-mask\">\n                    <img loading=\"lazy\" decoding=\"async\" width=\"853\" height=\"640\" src=\"https:\/\/gedeonapartman.hu\/wp-content\/uploads\/2023\/10\/Gedeon-Apartmanhazak-Horvatorszagban-3-1.jpg\" class=\"attachment-full size-full\" alt=\"Vir sziget\" srcset=\"https:\/\/gedeonapartman.hu\/wp-content\/uploads\/2023\/10\/Gedeon-Apartmanhazak-Horvatorszagban-3-1.jpg 853w, https:\/\/gedeonapartman.hu\/wp-content\/uploads\/2023\/10\/Gedeon-Apartmanhazak-Horvatorszagban-3-1-700x525.jpg 700w, https:\/\/gedeonapartman.hu\/wp-content\/uploads\/2023\/10\/Gedeon-Apartmanhazak-Horvatorszagban-3-1-768x576.jpg 768w, https:\/\/gedeonapartman.hu\/wp-content\/uploads\/2023\/10\/Gedeon-Apartmanhazak-Horvatorszagban-3-1-16x12.jpg 16w, https:\/\/gedeonapartman.hu\/wp-content\/uploads\/2023\/10\/Gedeon-Apartmanhazak-Horvatorszagban-3-1-600x450.jpg 600w\" sizes=\"(max-width: 853px) 100vw, 853px\" \/>                <\/div>\n            <\/div>\n                    <\/div>\n                        <\/div>\n\n                <div class=\"bdt-width-1-1\">\n                    <div class=\"bdt-interactive-card-content\">\n                                            <div class=\"bdt-interactive-card-sub-title\">\n                Zadari szigetvil\u00e1g gy\u00f6ngyszeme            <\/div>\n        \n                    <h6 class=\"bdt-interactive-card-title\">\n            <span >\n                Vir sziget            <\/span>\n            <\/h6>\n        \n                    <div class=\"bdt-interactive-card-text\">\n                <p>Vir a zadari szigetvil\u00e1ghoz tartoz\u00f3 300 sziget egyike, Zadar v\u00e1rost\u00f3l 25 km-re a Kvarner-\u00f6b\u00f6lben tal\u00e1lhat\u00f3. A v\u00edz sek\u00e9ly.<\/p>            <\/div>\n        \n                    <div class=\"bdt-interactive-card-button\">\n                <a class=\"bdt-interactive-card-readmore bdt-display-inline-block\" href=\"https:\/\/gedeonapartman.hu\/galeria\/vir-szigete\/\">\n                    <span class=\"ep-icon-long-arrow-right\"><\/span>\n                    <span class=\"bdt-position-relative\">\n\t\t\t\t\t\tMegn\u00e9zem\t\t\t\t\t<\/span>\n                <\/a>\n            <\/div>\n                                    <\/div>\n                <\/div>\n\n            <\/div>\n\n        <\/div>\n\n        \t\t<\/div>\n\t\t\t\t<\/div>\n\t\t\t\t\t<\/div>\n\t\t<\/div>\n\t\t\t\t\t<\/div>\n\t\t<\/section>\n\t\t\t\t<\/div>","protected":false},"excerpt":{"rendered":"<p>Gal\u00e9ria Hello Gedeon Apartman Vir Oldal Vir sziget\u00e9n Gedeon Apartman #1 T\u00e1gas teraszos apartmanok. K\u00e9t k\u00fcl\u00f6n szob\u00e1val, konyh\u00e1val, nappalival, zuhanyz\u00f3s vagy f\u00fcrd\u0151k\u00e1das f\u00fcrd\u0151szob\u00e1val. Megn\u00e9zem Vir sziget\u00e9n Gedeon Apartman #2 N\u00e9gy teljesen egyforma apartman. K\u00e9t k\u00fcl\u00f6n szoba + amerikai konyh\u00e1s nappali \u00e9s zuhanykabinos f\u00fcrd\u0151szoba. Megn\u00e9zem Zadari szigetvil\u00e1g gy\u00f6ngyszeme Vir sziget Vir a zadari szigetvil\u00e1ghoz tartoz\u00f3 300 [&hellip;]<\/p>","protected":false},"author":1,"featured_media":0,"parent":0,"menu_order":0,"comment_status":"closed","ping_status":"closed","template":"","meta":{"_seopress_robots_primary_cat":"","_seopress_titles_title":"","_seopress_titles_desc":"","_seopress_robots_index":"","footnotes":""},"class_list":["post-2917","page","type-page","status-publish","hentry"],"_links":{"self":[{"href":"https:\/\/gedeonapartman.hu\/de\/wp-json\/wp\/v2\/pages\/2917","targetHints":{"allow":["GET"]}}],"collection":[{"href":"https:\/\/gedeonapartman.hu\/de\/wp-json\/wp\/v2\/pages"}],"about":[{"href":"https:\/\/gedeonapartman.hu\/de\/wp-json\/wp\/v2\/types\/page"}],"author":[{"embeddable":true,"href":"https:\/\/gedeonapartman.hu\/de\/wp-json\/wp\/v2\/users\/1"}],"replies":[{"embeddable":true,"href":"https:\/\/gedeonapartman.hu\/de\/wp-json\/wp\/v2\/comments?post=2917"}],"version-history":[{"count":412,"href":"https:\/\/gedeonapartman.hu\/de\/wp-json\/wp\/v2\/pages\/2917\/revisions"}],"predecessor-version":[{"id":24354,"href":"https:\/\/gedeonapartman.hu\/de\/wp-json\/wp\/v2\/pages\/2917\/revisions\/24354"}],"wp:attachment":[{"href":"https:\/\/gedeonapartman.hu\/de\/wp-json\/wp\/v2\/media?parent=2917"}],"curies":[{"name":"wp","href":"https:\/\/api.w.org\/{rel}","templated":true}]}}