{"id":9,"date":"2021-10-22T10:42:05","date_gmt":"2021-10-22T10:42:05","guid":{"rendered":"https:\/\/gedeonapartman.hu\/szabad-ferohelyeket-keresese\/"},"modified":"2023-11-30T19:33:11","modified_gmt":"2023-11-30T19:33:11","slug":"szabad-ferohelyeket-keresese","status":"publish","type":"page","link":"https:\/\/gedeonapartman.hu\/en\/szabad-ferohelyeket-keresese\/","title":{"rendered":"Szabad f\u00e9r\u0151helyeket keres\u00e9se"},"content":{"rendered":"<div data-elementor-type=\"wp-page\" data-elementor-id=\"9\" class=\"elementor elementor-9\" data-elementor-post-type=\"page\">\n\t\t\t\t\t\t<section class=\"elementor-section elementor-top-section elementor-element elementor-element-2c75611 elementor-section-full_width elementor-section-height-default elementor-section-height-default\" data-id=\"2c75611\" data-element_type=\"section\" data-settings=\"{&quot;background_background&quot;:&quot;gradient&quot;,&quot;animation_mobile&quot;:&quot;none&quot;}\">\n\t\t\t\t\t\t\t<div class=\"elementor-background-overlay\"><\/div>\n\t\t\t\t\t\t\t<div class=\"elementor-container elementor-column-gap-custom\">\n\t\t\t\t\t<div class=\"elementor-column elementor-col-100 elementor-top-column elementor-element elementor-element-90fc565\" data-id=\"90fc565\" data-element_type=\"column\">\n\t\t\t<div class=\"elementor-widget-wrap elementor-element-populated\">\n\t\t\t\t\t\t<section class=\"elementor-section elementor-inner-section elementor-element elementor-element-f55f529 elementor-section-boxed elementor-section-height-default elementor-section-height-default\" data-id=\"f55f529\" data-element_type=\"section\">\n\t\t\t\t\t\t<div class=\"elementor-container elementor-column-gap-default\">\n\t\t\t\t\t<div class=\"elementor-column elementor-col-50 elementor-inner-column elementor-element elementor-element-5b44bc7\" data-id=\"5b44bc7\" data-element_type=\"column\">\n\t\t\t<div class=\"elementor-widget-wrap elementor-element-populated\">\n\t\t\t\t\t\t<div class=\"elementor-element elementor-element-7128a5e elementor-widget__width-initial elementor-headline--style-highlight elementor-widget elementor-widget-animated-headline\" data-id=\"7128a5e\" data-element_type=\"widget\" data-settings=\"{&quot;marker&quot;:&quot;curly&quot;,&quot;highlighted_text&quot;:&quot;hogy megkapja a legjobb aj\\u00e1nlatot!&quot;,&quot;headline_style&quot;:&quot;highlight&quot;,&quot;loop&quot;:&quot;yes&quot;,&quot;highlight_animation_duration&quot;:1200,&quot;highlight_iteration_delay&quot;:8000}\" data-widget_type=\"animated-headline.default\">\n\t\t\t\t<div class=\"elementor-widget-container\">\n\t\t\t\t\t<h1 class=\"elementor-headline\">\n\t\t\t\t\t<span class=\"elementor-headline-plain-text elementor-headline-text-wrapper\">Haszn\u00e1lja keres\u0151nket<\/span>\n\t\t\t\t<span class=\"elementor-headline-dynamic-wrapper elementor-headline-text-wrapper\">\n\t\t\t\t\t<span class=\"elementor-headline-dynamic-text elementor-headline-text-active\">hogy megkapja a legjobb aj\u00e1nlatot!<\/span>\n\t\t\t\t<\/span>\n\t\t\t\t<\/h1>\n\t\t\t\t<\/div>\n\t\t\t\t<\/div>\n\t\t\t\t\t<\/div>\n\t\t<\/div>\n\t\t\t\t<div class=\"elementor-column elementor-col-50 elementor-inner-column elementor-element elementor-element-d4aaf8b elementor-invisible\" data-id=\"d4aaf8b\" data-element_type=\"column\" data-settings=\"{&quot;background_background&quot;:&quot;classic&quot;,&quot;animation&quot;:&quot;fadeInUp&quot;}\">\n\t\t\t<div class=\"elementor-widget-wrap elementor-element-populated\">\n\t\t\t\t\t\t<div class=\"elementor-element elementor-element-30a43ef elementor-widget elementor-widget-heading\" data-id=\"30a43ef\" data-element_type=\"widget\" data-widget_type=\"heading.default\">\n\t\t\t\t<div class=\"elementor-widget-container\">\n\t\t\t<h5 class=\"elementor-heading-title elementor-size-default\">Keres\u0151<\/h5>\t\t<\/div>\n\t\t\t\t<\/div>\n\t\t\t\t<div class=\"elementor-element elementor-element-0e524ed elementor-widget elementor-widget-mphbe-search-form\" data-id=\"0e524ed\" data-element_type=\"widget\" data-settings=\"{&quot;hide_tips&quot;:&quot;yes&quot;,&quot;multiple_lines&quot;:&quot;no&quot;,&quot;stretch_btn&quot;:&quot;no&quot;}\" data-widget_type=\"mphbe-search-form.default\">\n\t\t\t\t<div class=\"elementor-widget-container\">\n\t\t\t<div class=\"mphb_sc_search-wrapper is-style-default mphbs-hide-rf-tip\">\n<form method=\"GET\" class=\"mphb_sc_search-form\" action=\"https:\/\/gedeonapartman.hu\/en\/keresesi-eredmenyek\/\" data-first_available_check_in_date=\"2026-04-26\" data-trp-original-action=\"https:\/\/gedeonapartman.hu\/en\/keresesi-eredmenyek\/\">\n\n\t<p class = \"mphb-required-fields-tip\">\n\t<small>\n\t\tRequired fields are followed by\t\t<abbr title=\"required\">*<\/abbr>\n\t<\/small>\n<\/p>\n\n\t<p class=\"mphb_sc_search-check-in-date\">\n\t\t<label for=\"mphb_check_in_date-mphb-search-form-69ee822ff08bf\">\n\t\t\tCheck-in\t\t\t<abbr title=\"Formatted as yyyy-mm-dd\">*<\/abbr>\n\t\t<\/label>\n\t\t<br \/>\n\t\t<input\n\t\t\tid=\"mphb_check_in_date-mphb-search-form-69ee822ff08bf\"\n\t\t\tdata-datepick-group=\"mphb-search-form-69ee822ff08bf\"\n\t\t\tvalue=\"\"\n\t\t\tplaceholder=\"Check-in Date\"\n\t\t\trequired=\"required\"\n\t\t\ttype=\"text\"\n\t\t\tinputmode=\"none\"\n\t\t\tname=\"mphb_check_in_date\"\n\t\t\tclass=\"mphb-datepick\"\n\t\t\tautocomplete=\"off\"\n\t\t\t\/>\n\t<\/p>\n\n\t<p class=\"mphb_sc_search-check-out-date\">\n\t\t<label for=\"mphb_check_out_date-mphb-search-form-69ee822ff08bf\">\n\t\t\tCheck-out\t\t\t<abbr title=\"Formatted as yyyy-mm-dd\">*<\/abbr>\n\t\t<\/label>\n\t\t<br \/>\n\t\t<input\n\t\t\tid=\"mphb_check_out_date-mphb-search-form-69ee822ff08bf\"\n\t\t\tdata-datepick-group=\"mphb-search-form-69ee822ff08bf\"\n\t\t\tvalue=\"\"\n\t\t\tplaceholder=\"Check-out Date\"\n\t\t\trequired=\"required\"\n\t\t\ttype=\"text\"\n\t\t\tinputmode=\"none\"\n\t\t\tname=\"mphb_check_out_date\"\n\t\t\tclass=\"mphb-datepick\"\n\t\t\tautocomplete=\"off\"\n\t\t\t\/>\n\t<\/p>\n\n\t\t\t<p class=\"mphb_sc_search-adults\">\n\t\t\t<label for=\"mphb_adults-mphb-search-form-69ee822ff08bf\">\n\t\t\t\tAdults\t\t\t<\/label>\n\t\t\t<br \/>\n\t\t\t<select id=\"mphb_adults-mphb-search-form-69ee822ff08bf\" name=\"mphb_adults\" >\n\t\t\t\t\t\t\t\t\t<option value=\"1\"  selected='selected'>1<\/option>\n\t\t\t\t\t\t\t\t\t<option value=\"2\" >2<\/option>\n\t\t\t\t\t\t\t\t\t<option value=\"3\" >3<\/option>\n\t\t\t\t\t\t\t\t\t<option value=\"4\" >4<\/option>\n\t\t\t\t\t\t\t\t\t<option value=\"5\" >5<\/option>\n\t\t\t\t\t\t\t\t\t<option value=\"6\" >6<\/option>\n\t\t\t\t\t\t\t\t\t<option value=\"7\" >7<\/option>\n\t\t\t\t\t\t\t\t\t<option value=\"8\" >8<\/option>\n\t\t\t\t\t\t\t\t\t<option value=\"9\" >9<\/option>\n\t\t\t\t\t\t\t\t\t<option value=\"10\" >10<\/option>\n\t\t\t\t\t\t\t\t\t<option value=\"11\" >11<\/option>\n\t\t\t\t\t\t\t\t\t<option value=\"12\" >12<\/option>\n\t\t\t\t\t\t\t\t\t<option value=\"13\" >13<\/option>\n\t\t\t\t\t\t\t\t\t<option value=\"14\" >14<\/option>\n\t\t\t\t\t\t\t\t\t<option value=\"15\" >15<\/option>\n\t\t\t\t\t\t\t\t\t<option value=\"16\" >16<\/option>\n\t\t\t\t\t\t\t\t\t<option value=\"17\" >17<\/option>\n\t\t\t\t\t\t\t\t\t<option value=\"18\" >18<\/option>\n\t\t\t\t\t\t\t\t\t<option value=\"19\" >19<\/option>\n\t\t\t\t\t\t\t\t\t<option value=\"20\" >20<\/option>\n\t\t\t\t\t\t\t\t\t<option value=\"21\" >21<\/option>\n\t\t\t\t\t\t\t\t\t<option value=\"22\" >22<\/option>\n\t\t\t\t\t\t\t\t\t<option value=\"23\" >23<\/option>\n\t\t\t\t\t\t\t\t\t<option value=\"24\" >24<\/option>\n\t\t\t\t\t\t\t<\/select>\n\t\t<\/p>\n\t\n\t\t\t<p class=\"mphb_sc_search-children\">\n\t\t\t<label for=\"mphb_children-mphb-search-form-69ee822ff08bf\">\n\t\t\t\tChildren 12 \u00e9v alatt\t\t\t<\/label>\n\t\t\t<br \/>\n\t\t\t<select id=\"mphb_children-mphb-search-form-69ee822ff08bf\" name=\"mphb_children\">\n\t\t\t\t\t\t\t\t\t<option value=\"0\"  selected='selected'>0<\/option>\n\t\t\t\t\t\t\t\t\t<option value=\"1\" >1<\/option>\n\t\t\t\t\t\t\t\t\t<option value=\"2\" >2<\/option>\n\t\t\t\t\t\t\t\t\t<option value=\"3\" >3<\/option>\n\t\t\t\t\t\t\t\t\t<option value=\"4\" >4<\/option>\n\t\t\t\t\t\t\t\t\t<option value=\"5\" >5<\/option>\n\t\t\t\t\t\t\t\t\t<option value=\"6\" >6<\/option>\n\t\t\t\t\t\t\t\t\t<option value=\"7\" >7<\/option>\n\t\t\t\t\t\t\t\t\t<option value=\"8\" >8<\/option>\n\t\t\t\t\t\t\t\t\t<option value=\"9\" >9<\/option>\n\t\t\t\t\t\t\t\t\t<option value=\"10\" >10<\/option>\n\t\t\t\t\t\t\t\t\t<option value=\"11\" >11<\/option>\n\t\t\t\t\t\t\t\t\t<option value=\"12\" >12<\/option>\n\t\t\t\t\t\t\t\t\t<option value=\"13\" >13<\/option>\n\t\t\t\t\t\t\t\t\t<option value=\"14\" >14<\/option>\n\t\t\t\t\t\t\t\t\t<option value=\"15\" >15<\/option>\n\t\t\t\t\t\t\t\t\t<option value=\"16\" >16<\/option>\n\t\t\t\t\t\t\t\t\t<option value=\"17\" >17<\/option>\n\t\t\t\t\t\t\t\t\t<option value=\"18\" >18<\/option>\n\t\t\t\t\t\t\t\t\t<option value=\"19\" >19<\/option>\n\t\t\t\t\t\t\t\t\t<option value=\"20\" >20<\/option>\n\t\t\t\t\t\t\t\t\t<option value=\"21\" >21<\/option>\n\t\t\t\t\t\t\t\t\t<option value=\"22\" >22<\/option>\n\t\t\t\t\t\t\t\t\t<option value=\"23\" >23<\/option>\n\t\t\t\t\t\t\t<\/select>\n\t\t<\/p>\n\t\n\t\n\t\n\t<input id=\"mphb_check_in_date-mphb-search-form-69ee822ff08bf-hidden\" value=\"\" type=\"hidden\" name=\"mphb_check_in_date\" \/><input id=\"mphb_check_out_date-mphb-search-form-69ee822ff08bf-hidden\" value=\"\" type=\"hidden\" name=\"mphb_check_out_date\" \/>\n\t<p class=\"mphb_sc_search-submit-button-wrapper\">\n\t\t<input type=\"submit\" class=\"button\" value=\"Search\"\/>\n\t<\/p>\n\n\t\n<input type=\"hidden\" name=\"trp-form-language\" value=\"en\"\/><\/form>\n<\/div>\t\t<\/div>\n\t\t\t\t<\/div>\n\t\t\t\t\t<\/div>\n\t\t<\/div>\n\t\t\t\t\t<\/div>\n\t\t<\/section>\n\t\t\t\t\t<\/div>\n\t\t<\/div>\n\t\t\t\t\t<\/div>\n\t\t<\/section>\n\t\t\t\t<section class=\"elementor-section elementor-top-section elementor-element elementor-element-f7d59bc elementor-section-boxed elementor-section-height-default elementor-section-height-default\" data-id=\"f7d59bc\" data-element_type=\"section\">\n\t\t\t\t\t\t<div class=\"elementor-container elementor-column-gap-default\">\n\t\t\t\t\t<div class=\"elementor-column elementor-col-100 elementor-top-column elementor-element elementor-element-cadc913\" data-id=\"cadc913\" data-element_type=\"column\">\n\t\t\t<div class=\"elementor-widget-wrap elementor-element-populated\">\n\t\t\t\t\t\t<div class=\"elementor-element elementor-element-25bd6a3 elementor-widget elementor-widget-heading\" data-id=\"25bd6a3\" data-element_type=\"widget\" data-widget_type=\"heading.default\">\n\t\t\t\t<div class=\"elementor-widget-container\">\n\t\t\t<h2 class=\"elementor-heading-title elementor-size-default\">Guest book:<\/h2>\t\t<\/div>\n\t\t\t\t<\/div>\n\t\t\t\t<div class=\"elementor-element elementor-element-b386fec elementor-widget elementor-widget-shortcode\" data-id=\"b386fec\" data-element_type=\"widget\" data-widget_type=\"shortcode.default\">\n\t\t\t\t<div class=\"elementor-widget-container\">\n\t\t\t\t\t<div class=\"elementor-shortcode\"><pre class=\"ti-widget\"><div class=\"ti-widget ti-goog\" data-no-translation=\"true\" data-layout-id=\"4\" data-set-id=\"drop-shadow\" data-pid=\"\" data-pager-autoplay-timeout=\"6\" data-review-target-width=\"300\" data-language=\"hu\" > <div class=\"ti-widget-container ti-col-3\"> <div class=\"ti-reviews-container\"> <div class=\"ti-controls\"> <div class=\"ti-next\"><\/div> <div class=\"ti-prev\"><\/div> <\/div> <div class=\"ti-reviews-container-wrapper\">  <div data-empty=\"0\" class=\"ti-review-item source-Google\" > <div class=\"ti-inner\"> <div class=\"ti-review-header\"> <div class=\"ti-profile-img\"> <img decoding=\"async\" src=\"https:\/\/lh3.googleusercontent.com\/a\/ACg8ocIrPBw8r73e67YBKhaUNW2vNo8ElcGDVXwVvXAI0ABK=s120-c-rp-mo-br100\" alt=\"L\u00e1szl\u00f3 Lad\u00e1nyi\" \/> <\/div> <div class=\"ti-profile-details\"> <div class=\"ti-name\"> L\u00e1szl\u00f3 Lad\u00e1nyi <\/div> <div class=\"ti-date\">2023-10-27<\/div> <\/div> <\/div> <span class=\"ti-stars\"><span class=\"ti-star f\"><\/span><span class=\"ti-star f\"><\/span><span class=\"ti-star f\"><\/span><span class=\"ti-star f\"><\/span><span class=\"ti-star f\"><\/span><\/span> <div class=\"ti-review-text-container ti-review-content\"><!-- R-CONTENT -->Minden rendben volt. A sz\u00e1ll\u00e1s tiszta, klimatiz\u00e1lt \u00e9s j\u00f3l felszerelt. Ingyenes WIFI, ingyenes kl\u00edma, felszerelt konyha. Az \u00e1raz\u00e1s szerintem rendk\u00edv\u00fcl kedvez\u0151! K\u00f6sz\u00f6nj\u00fck!<!-- R-CONTENT --><\/div> <span class=\"ti-read-more\" data-container=\".ti-review-content\" data-collapse-text=\"Elrejt\" data-open-text=\"Olvass tov\u00e1bb\" ><\/span> <\/div> <\/div>  <div data-empty=\"1\" class=\"ti-review-item source-Google\" > <div class=\"ti-inner\"> <div class=\"ti-review-header\"> <div class=\"ti-profile-img\"> <img decoding=\"async\" src=\"https:\/\/lh3.googleusercontent.com\/a-\/ALV-UjUJt8ZDktR3AushwwvG3lvOgPs93mn_2SSCREkVy_nW=s120-c-rp-mo-br100\" alt=\"irzeta hirkic\" \/> <\/div> <div class=\"ti-profile-details\"> <div class=\"ti-name\"> irzeta hirkic <\/div> <div class=\"ti-date\">2023-08-09<\/div> <\/div> <\/div> <span class=\"ti-stars\"><span class=\"ti-star f\"><\/span><span class=\"ti-star f\"><\/span><span class=\"ti-star f\"><\/span><span class=\"ti-star f\"><\/span><span class=\"ti-star f\"><\/span><\/span> <div class=\"ti-review-text-container ti-review-content\"><!-- R-CONTENT --><!-- R-CONTENT --><\/div> <span class=\"ti-read-more\" data-container=\".ti-review-content\" data-collapse-text=\"Elrejt\" data-open-text=\"Olvass tov\u00e1bb\" ><\/span> <\/div> <\/div>  <div data-empty=\"1\" class=\"ti-review-item source-Google\" > <div class=\"ti-inner\"> <div class=\"ti-review-header\"> <div class=\"ti-profile-img\"> <img decoding=\"async\" src=\"https:\/\/lh3.googleusercontent.com\/a-\/ALV-UjUmLRG1lEt0M1IexEyuNjDxnRLuNsD9W9fM1pWhFP6Asw=s120-c-rp-mo-br100\" alt=\"Lak\u00e1sotthon Rezeda\" \/> <\/div> <div class=\"ti-profile-details\"> <div class=\"ti-name\"> Lak\u00e1sotthon Rezeda <\/div> <div class=\"ti-date\">2023-07-09<\/div> <\/div> <\/div> <span class=\"ti-stars\"><span class=\"ti-star f\"><\/span><span class=\"ti-star f\"><\/span><span class=\"ti-star f\"><\/span><span class=\"ti-star f\"><\/span><span class=\"ti-star e\"><\/span><\/span> <div class=\"ti-review-text-container ti-review-content\"><!-- R-CONTENT --><!-- R-CONTENT --><\/div> <span class=\"ti-read-more\" data-container=\".ti-review-content\" data-collapse-text=\"Elrejt\" data-open-text=\"Olvass tov\u00e1bb\" ><\/span> <\/div> <\/div>  <div data-empty=\"1\" class=\"ti-review-item source-Google\" > <div class=\"ti-inner\"> <div class=\"ti-review-header\"> <div class=\"ti-profile-img\"> <img decoding=\"async\" src=\"https:\/\/lh3.googleusercontent.com\/a\/ACg8ocKMt5ZV45su-c83Hr0VtdMoWiUOqWTukbPnaSmFo6_w=s120-c-rp-mo-br100\" alt=\"Kriszti\u00e1n Nagy\" \/> <\/div> <div class=\"ti-profile-details\"> <div class=\"ti-name\"> Kriszti\u00e1n Nagy <\/div> <div class=\"ti-date\">2023-06-28<\/div> <\/div> <\/div> <span class=\"ti-stars\"><span class=\"ti-star f\"><\/span><span class=\"ti-star f\"><\/span><span class=\"ti-star f\"><\/span><span class=\"ti-star f\"><\/span><span class=\"ti-star f\"><\/span><\/span> <div class=\"ti-review-text-container ti-review-content\"><!-- R-CONTENT --><!-- R-CONTENT --><\/div> <span class=\"ti-read-more\" data-container=\".ti-review-content\" data-collapse-text=\"Elrejt\" data-open-text=\"Olvass tov\u00e1bb\" ><\/span> <\/div> <\/div>  <div data-empty=\"0\" class=\"ti-review-item source-Google\" > <div class=\"ti-inner\"> <div class=\"ti-review-header\"> <div class=\"ti-profile-img\"> <img decoding=\"async\" src=\"https:\/\/lh3.googleusercontent.com\/a\/ACg8ocKy20lDHHUqTkEUs4sNiS7Xngbae7_lYHlSnXda6bWk=s120-c-rp-mo-br100\" alt=\"Judit Stef\u00e1n\" \/> <\/div> <div class=\"ti-profile-details\"> <div class=\"ti-name\"> Judit Stef\u00e1n <\/div> <div class=\"ti-date\">2022-08-20<\/div> <\/div> <\/div> <span class=\"ti-stars\"><span class=\"ti-star f\"><\/span><span class=\"ti-star f\"><\/span><span class=\"ti-star f\"><\/span><span class=\"ti-star f\"><\/span><span class=\"ti-star f\"><\/span><\/span> <div class=\"ti-review-text-container ti-review-content\"><!-- R-CONTENT -->Aj\u00e1nlan\u00e1m mindenkinek ,pihen\u00e9sre t\u00f6k\u00e9letesen alkalmas apartman ,nagy terasszal ahova est\u00e9nk\u00e9nt ki lehet \u00fclni grillezni \u00e9s egy j\u00f3t besz\u00e9lgetni ,minden szoba kl\u00edm\u00e1val felszerelt ,tiszta,bar\u00e1ts\u00e1gos fogadtat\u00e1s,k\u00f6zel a tenger.<!-- R-CONTENT --><\/div> <span class=\"ti-read-more\" data-container=\".ti-review-content\" data-collapse-text=\"Elrejt\" data-open-text=\"Olvass tov\u00e1bb\" ><\/span> <\/div> <\/div>  <\/div> <div class=\"ti-controls-line\"> <div class=\"dot\"><\/div> <\/div> <\/div> <div class=\"ti-footer\"> <div class=\"ti-rating-text\"> <span class=\"nowrap\"><strong>Google<\/strong> \u00f6sszes\u00edtett \u00e9rt\u00e9kel\u00e9s <\/span><span class=\"nowrap\"><strong>4.2<\/strong> az 5-b\u0151l, <\/span><span class=\"nowrap\"><strong>6 v\u00e9lem\u00e9ny<\/strong> alapj\u00e1n<\/span> <\/div> <\/div>  <\/div> <\/div> <\/pre><\/div>\n\t\t\t\t<\/div>\n\t\t\t\t<\/div>\n\t\t\t\t\t<\/div>\n\t\t<\/div>\n\t\t\t\t\t<\/div>\n\t\t<\/section>\n\t\t\t\t<\/div>","protected":false},"excerpt":{"rendered":"<p>Haszn\u00e1lja keres\u0151nket hogy megkapja a legjobb aj\u00e1nlatot! Keres\u0151 A k\u00f6telez\u0151en kit\u00f6ltend\u0151 mez\u0151k * Bejelentkez\u00e9s * Kijelentkez\u00e9s * Vend\u00e9gek 123456789101112131415161718192021222324 Vend\u00e9gk\u00f6nyv:<\/p>","protected":false},"author":1,"featured_media":0,"parent":0,"menu_order":0,"comment_status":"closed","ping_status":"closed","template":"","meta":{"_seopress_robots_primary_cat":"","_seopress_titles_title":"","_seopress_titles_desc":"","_seopress_robots_index":"","footnotes":""},"class_list":["post-9","page","type-page","status-publish","hentry"],"_links":{"self":[{"href":"https:\/\/gedeonapartman.hu\/en\/wp-json\/wp\/v2\/pages\/9","targetHints":{"allow":["GET"]}}],"collection":[{"href":"https:\/\/gedeonapartman.hu\/en\/wp-json\/wp\/v2\/pages"}],"about":[{"href":"https:\/\/gedeonapartman.hu\/en\/wp-json\/wp\/v2\/types\/page"}],"author":[{"embeddable":true,"href":"https:\/\/gedeonapartman.hu\/en\/wp-json\/wp\/v2\/users\/1"}],"replies":[{"embeddable":true,"href":"https:\/\/gedeonapartman.hu\/en\/wp-json\/wp\/v2\/comments?post=9"}],"version-history":[{"count":153,"href":"https:\/\/gedeonapartman.hu\/en\/wp-json\/wp\/v2\/pages\/9\/revisions"}],"predecessor-version":[{"id":24360,"href":"https:\/\/gedeonapartman.hu\/en\/wp-json\/wp\/v2\/pages\/9\/revisions\/24360"}],"wp:attachment":[{"href":"https:\/\/gedeonapartman.hu\/en\/wp-json\/wp\/v2\/media?parent=9"}],"curies":[{"name":"wp","href":"https:\/\/api.w.org\/{rel}","templated":true}]}}